{"id":45,"date":"2017-09-11T15:54:45","date_gmt":"2017-09-11T15:54:45","guid":{"rendered":"https:\/\/ozoniceland.com\/?page_id=45"},"modified":"2023-01-23T13:30:04","modified_gmt":"2023-01-23T13:30:04","slug":"management","status":"publish","type":"page","link":"https:\/\/ozoniceland.com\/?page_id=45","title":{"rendered":"Ozon teymi\u00f0"},"content":{"rendered":"<p style=\"text-align: center;\"><em><strong>Sigur\u00f0ur H\u00f3lmar J\u00f3hannesson \u2013 Framkv\u00e6mdastj\u00f3ri<\/strong><\/em><\/p>\n<p><a href=\"https:\/\/ozoniceland.com\/wp-content\/uploads\/2021\/11\/Siggi-Jo.jpeg\"><img loading=\"lazy\" decoding=\"async\" class=\"aligncenter wp-image-280 size-thumbnail\" src=\"https:\/\/ozoniceland.com\/wp-content\/uploads\/2021\/11\/Siggi-Jo-150x150.jpeg\" alt=\"\" width=\"150\" height=\"150\" srcset=\"https:\/\/ozoniceland.com\/wp-content\/uploads\/2021\/11\/Siggi-Jo-150x150.jpeg 150w, https:\/\/ozoniceland.com\/wp-content\/uploads\/2021\/11\/Siggi-Jo-298x300.jpeg 298w, https:\/\/ozoniceland.com\/wp-content\/uploads\/2021\/11\/Siggi-Jo-1016x1024.jpeg 1016w, https:\/\/ozoniceland.com\/wp-content\/uploads\/2021\/11\/Siggi-Jo-768x774.jpeg 768w, https:\/\/ozoniceland.com\/wp-content\/uploads\/2021\/11\/Siggi-Jo.jpeg 1406w\" sizes=\"auto, (max-width: 150px) 100vw, 150px\" \/><\/a><\/p>\n<p>\u00a0<\/p>\n<p style=\"text-align: center;\"><em><strong>Viktor Sn\u00e6r Sigurdsson \u2013 Marka\u00f0sstj\u00f3ri<\/strong><\/em><\/p>\n<p style=\"text-align: center;\"><a href=\"https:\/\/ozoniceland.com\/wp-content\/uploads\/2021\/11\/Viktor-Snaer.jpeg\"><img loading=\"lazy\" decoding=\"async\" class=\"aligncenter size-thumbnail wp-image-281\" src=\"https:\/\/ozoniceland.com\/wp-content\/uploads\/2021\/11\/Viktor-Snaer-150x150.jpeg\" alt=\"\" width=\"150\" height=\"150\" srcset=\"https:\/\/ozoniceland.com\/wp-content\/uploads\/2021\/11\/Viktor-Snaer-150x150.jpeg 150w, https:\/\/ozoniceland.com\/wp-content\/uploads\/2021\/11\/Viktor-Snaer-300x300.jpeg 300w, https:\/\/ozoniceland.com\/wp-content\/uploads\/2021\/11\/Viktor-Snaer-768x766.jpeg 768w, https:\/\/ozoniceland.com\/wp-content\/uploads\/2021\/11\/Viktor-Snaer.jpeg 960w\" sizes=\"auto, (max-width: 150px) 100vw, 150px\" \/><\/a><\/p>\n<p>\u00a0<\/p>\n<p style=\"text-align: center;\">\u00a0<\/p>\n<p style=\"text-align: center;\"><em><strong>Ragnhei\u00f0ur Erla Hjaltad\u00f3ttir &#8211; Forstj\u00f3ri\u00a0<\/strong><\/em><\/p>\n<p style=\"text-align: center;\"><a href=\"https:\/\/ozoniceland.com\/wp-content\/uploads\/2021\/11\/249931081_570387867520238_1449988766338579647_n.jpg\"><img loading=\"lazy\" decoding=\"async\" class=\"aligncenter size-thumbnail wp-image-282\" src=\"https:\/\/ozoniceland.com\/wp-content\/uploads\/2021\/11\/249931081_570387867520238_1449988766338579647_n-150x150.jpg\" alt=\"\" width=\"150\" height=\"150\" srcset=\"https:\/\/ozoniceland.com\/wp-content\/uploads\/2021\/11\/249931081_570387867520238_1449988766338579647_n-150x150.jpg 150w, https:\/\/ozoniceland.com\/wp-content\/uploads\/2021\/11\/249931081_570387867520238_1449988766338579647_n-298x300.jpg 298w, https:\/\/ozoniceland.com\/wp-content\/uploads\/2021\/11\/249931081_570387867520238_1449988766338579647_n-1016x1024.jpg 1016w, https:\/\/ozoniceland.com\/wp-content\/uploads\/2021\/11\/249931081_570387867520238_1449988766338579647_n-768x774.jpg 768w, https:\/\/ozoniceland.com\/wp-content\/uploads\/2021\/11\/249931081_570387867520238_1449988766338579647_n.jpg 1124w\" sizes=\"auto, (max-width: 150px) 100vw, 150px\" \/><\/a><\/p>\n\n\n<p><\/p>\n","protected":false},"excerpt":{"rendered":"<p>Sigur\u00f0ur H\u00f3lmar J\u00f3hannesson \u2013 Framkv\u00e6mdastj\u00f3ri \u00a0 Viktor Sn\u00e6r Sigurdsson \u2013 Marka\u00f0sstj\u00f3ri \u00a0 \u00a0 Ragnhei\u00f0ur Erla Hjaltad\u00f3ttir &#8211; Forstj\u00f3ri\u00a0<\/p>\n","protected":false},"author":2,"featured_media":0,"parent":0,"menu_order":0,"comment_status":"closed","ping_status":"closed","template":"","meta":{"footnotes":""},"class_list":["post-45","page","type-page","status-publish","hentry"],"_links":{"self":[{"href":"https:\/\/ozoniceland.com\/index.php?rest_route=\/wp\/v2\/pages\/45","targetHints":{"allow":["GET"]}}],"collection":[{"href":"https:\/\/ozoniceland.com\/index.php?rest_route=\/wp\/v2\/pages"}],"about":[{"href":"https:\/\/ozoniceland.com\/index.php?rest_route=\/wp\/v2\/types\/page"}],"author":[{"embeddable":true,"href":"https:\/\/ozoniceland.com\/index.php?rest_route=\/wp\/v2\/users\/2"}],"replies":[{"embeddable":true,"href":"https:\/\/ozoniceland.com\/index.php?rest_route=%2Fwp%2Fv2%2Fcomments&post=45"}],"version-history":[{"count":12,"href":"https:\/\/ozoniceland.com\/index.php?rest_route=\/wp\/v2\/pages\/45\/revisions"}],"predecessor-version":[{"id":364,"href":"https:\/\/ozoniceland.com\/index.php?rest_route=\/wp\/v2\/pages\/45\/revisions\/364"}],"wp:attachment":[{"href":"https:\/\/ozoniceland.com\/index.php?rest_route=%2Fwp%2Fv2%2Fmedia&parent=45"}],"curies":[{"name":"wp","href":"https:\/\/api.w.org\/{rel}","templated":true}]}}