{"id":40,"date":"2017-09-11T15:50:38","date_gmt":"2017-09-11T15:50:38","guid":{"rendered":"https:\/\/ozoniceland.com\/?page_id=40"},"modified":"2022-09-13T18:26:15","modified_gmt":"2022-09-13T18:26:15","slug":"contact","status":"publish","type":"page","link":"https:\/\/ozoniceland.com\/?page_id=40","title":{"rendered":"Hafa samband"},"content":{"rendered":"<h3><a href=\"https:\/\/ozoniceland.com\/wp-content\/uploads\/2017\/09\/cropped-ozon-logo-large.png\"><img loading=\"lazy\" decoding=\"async\" class=\"aligncenter size-thumbnail wp-image-8\" src=\"https:\/\/ozoniceland.com\/wp-content\/uploads\/2017\/09\/cropped-ozon-logo-large-150x150.png\" alt=\"\" width=\"150\" height=\"150\" srcset=\"https:\/\/ozoniceland.com\/wp-content\/uploads\/2017\/09\/cropped-ozon-logo-large-150x150.png 150w, https:\/\/ozoniceland.com\/wp-content\/uploads\/2017\/09\/cropped-ozon-logo-large-100x100.png 100w\" sizes=\"auto, (max-width: 150px) 100vw, 150px\" \/><\/a><\/h3>\n<h2 style=\"text-align: center;\">Ozon ehf<\/h2>\n<h2 style=\"text-align: center;\"><strong>Hamraborg 1, fj\u00f3r\u00f0a h\u00e6\u00f0<\/strong><\/h2>\n<h2 style=\"text-align: center;\"><strong>200 K\u00f3pavogur<\/strong><\/h2>\n<h2 style=\"text-align: center;\"><strong>ozon@ozonehf.is<\/strong><\/h2>\n<h2 style=\"text-align: center;\"><strong>S: 556 6200<\/strong><\/h2>\n<h2 style=\"text-align: center;\"><strong>S: 5566220<\/strong><\/h2>\n<h2 style=\"text-align: center;\"><\/h2>\n","protected":false},"excerpt":{"rendered":"<p>Ozon ehf Hamraborg 1, fj\u00f3r\u00f0a h\u00e6\u00f0 200 K\u00f3pavogur ozon@ozonehf.is S: 556 6200 S: 5566220<\/p>\n","protected":false},"author":2,"featured_media":0,"parent":0,"menu_order":0,"comment_status":"closed","ping_status":"closed","template":"","meta":{"footnotes":""},"class_list":["post-40","page","type-page","status-publish","hentry"],"_links":{"self":[{"href":"https:\/\/ozoniceland.com\/index.php?rest_route=\/wp\/v2\/pages\/40","targetHints":{"allow":["GET"]}}],"collection":[{"href":"https:\/\/ozoniceland.com\/index.php?rest_route=\/wp\/v2\/pages"}],"about":[{"href":"https:\/\/ozoniceland.com\/index.php?rest_route=\/wp\/v2\/types\/page"}],"author":[{"embeddable":true,"href":"https:\/\/ozoniceland.com\/index.php?rest_route=\/wp\/v2\/users\/2"}],"replies":[{"embeddable":true,"href":"https:\/\/ozoniceland.com\/index.php?rest_route=%2Fwp%2Fv2%2Fcomments&post=40"}],"version-history":[{"count":14,"href":"https:\/\/ozoniceland.com\/index.php?rest_route=\/wp\/v2\/pages\/40\/revisions"}],"predecessor-version":[{"id":342,"href":"https:\/\/ozoniceland.com\/index.php?rest_route=\/wp\/v2\/pages\/40\/revisions\/342"}],"wp:attachment":[{"href":"https:\/\/ozoniceland.com\/index.php?rest_route=%2Fwp%2Fv2%2Fmedia&parent=40"}],"curies":[{"name":"wp","href":"https:\/\/api.w.org\/{rel}","templated":true}]}}