{"id":2,"date":"2015-02-19T04:39:32","date_gmt":"2015-02-19T04:39:33","guid":{"rendered":"http:\/\/localhost:8080\/wordpress-4.1.1\/wordpress\/?page_id=2"},"modified":"2021-11-28T18:07:55","modified_gmt":"2021-11-28T18:07:55","slug":"sample-page","status":"publish","type":"page","link":"https:\/\/ozoniceland.com\/?page_id=2","title":{"rendered":"Est 1985"},"content":{"rendered":"<p>\u00a0<\/p>\n<p style=\"text-align: center;\"><strong><em>Ozon ehf var stofna\u00f0 \u00e1ri\u00f0 1985 af J\u00f3hannesi Sigur\u00f0ssyni og syni hans Sigur\u00f0i H\u00f3lmar J\u00f3hannessyni.<\/em><\/strong><\/p>\n<p style=\"text-align: center;\"><strong><em>\u00cd byrjun var fyrirt\u00e6ki\u00f0 stofna\u00f0 \u00ed kringum gangst\u00e9ttahelluger\u00f0 en hellurnar voru uppfinning J\u00f3hannesar og innih\u00e9ldu plasttrefjar sem ger\u00f0u hellurnar l\u00e9ttari og sterkari<\/em><\/strong><\/p>\n<p style=\"text-align: center;\"><strong><em>Fyrirt\u00e6ki\u00f0 var sta\u00f0sett \u00ed Lauganesb\u00e6num \u00ed Reykjav\u00edk<\/em><\/strong><\/p>\n<p style=\"text-align: center;\"><strong><em>S\u00ed\u00f0ar breyttist reksturinn \u00ed innflutning, heilds\u00f6lu og sm\u00e1s\u00f6lu<\/em><\/strong><\/p>\n<p style=\"text-align: center;\">\u00a0<\/p>\n<p style=\"text-align: center;\">\u00a0<\/p>\n\n\n<div class=\"wp-block-image\"><figure class=\"aligncenter size-full\"><a href=\"https:\/\/ozoniceland.com\/wp-content\/uploads\/2017\/09\/cropped-cropped-ozon-logo-large-1.png\"><img decoding=\"async\" src=\"https:\/\/ozoniceland.com\/wp-content\/uploads\/2017\/09\/cropped-cropped-ozon-logo-large-1.png\" alt=\"\" class=\"wp-image-70\"\/><\/a><\/figure><\/div>\n","protected":false},"excerpt":{"rendered":"<p>\u00a0 Ozon ehf var stofna\u00f0 \u00e1ri\u00f0 1985 af J\u00f3hannesi Sigur\u00f0ssyni og syni hans Sigur\u00f0i H\u00f3lmar J\u00f3hannessyni. \u00cd byrjun var fyrirt\u00e6ki\u00f0 stofna\u00f0 \u00ed kringum gangst\u00e9ttahelluger\u00f0 en hellurnar voru uppfinning J\u00f3hannesar og innih\u00e9ldu plasttrefjar sem ger\u00f0u hellurnar l\u00e9ttari og sterkari Fyrirt\u00e6ki\u00f0 var sta\u00f0sett \u00ed Lauganesb\u00e6num \u00ed Reykjav\u00edk S\u00ed\u00f0ar breyttist reksturinn \u00ed innflutning, heilds\u00f6lu og sm\u00e1s\u00f6lu \u00a0 \u00a0<\/p>\n","protected":false},"author":1,"featured_media":27,"parent":0,"menu_order":0,"comment_status":"closed","ping_status":"open","template":"","meta":{"footnotes":""},"class_list":["post-2","page","type-page","status-publish","has-post-thumbnail","hentry"],"_links":{"self":[{"href":"https:\/\/ozoniceland.com\/index.php?rest_route=\/wp\/v2\/pages\/2","targetHints":{"allow":["GET"]}}],"collection":[{"href":"https:\/\/ozoniceland.com\/index.php?rest_route=\/wp\/v2\/pages"}],"about":[{"href":"https:\/\/ozoniceland.com\/index.php?rest_route=\/wp\/v2\/types\/page"}],"author":[{"embeddable":true,"href":"https:\/\/ozoniceland.com\/index.php?rest_route=\/wp\/v2\/users\/1"}],"replies":[{"embeddable":true,"href":"https:\/\/ozoniceland.com\/index.php?rest_route=%2Fwp%2Fv2%2Fcomments&post=2"}],"version-history":[{"count":6,"href":"https:\/\/ozoniceland.com\/index.php?rest_route=\/wp\/v2\/pages\/2\/revisions"}],"predecessor-version":[{"id":332,"href":"https:\/\/ozoniceland.com\/index.php?rest_route=\/wp\/v2\/pages\/2\/revisions\/332"}],"wp:featuredmedia":[{"embeddable":true,"href":"https:\/\/ozoniceland.com\/index.php?rest_route=\/wp\/v2\/media\/27"}],"wp:attachment":[{"href":"https:\/\/ozoniceland.com\/index.php?rest_route=%2Fwp%2Fv2%2Fmedia&parent=2"}],"curies":[{"name":"wp","href":"https:\/\/api.w.org\/{rel}","templated":true}]}}